{"id":140,"date":"2026-03-16T15:57:42","date_gmt":"2026-03-16T15:57:42","guid":{"rendered":"http:\/\/www.smr-cars.fr\/?page_id=140"},"modified":"2026-03-24T09:08:28","modified_gmt":"2026-03-24T09:08:28","slug":"accueil","status":"publish","type":"page","link":"https:\/\/www.smr-cars.fr\/","title":{"rendered":"Accueil"},"content":{"rendered":"\t\t<div data-elementor-type=\"wp-page\" data-elementor-id=\"140\" class=\"elementor elementor-140\">\n\t\t\t\t<div class=\"elementor-element elementor-element-f1252b3 e-flex e-con-boxed e-con e-parent\" data-id=\"f1252b3\" data-element_type=\"container\" data-e-type=\"container\">\n\t\t\t\t\t<div class=\"e-con-inner\">\n\t\t\t\t<div class=\"elementor-element elementor-element-5e6436c elementor-widget elementor-widget-text-editor\" data-id=\"5e6436c\" data-element_type=\"widget\" data-e-type=\"widget\" data-widget_type=\"text-editor.default\">\n\t\t\t\t\t\t\t\t\t<h2>Trouvez la bonne voiture. Sans risque ni perte de temps<\/h2><p>\u00a0<\/p>\t\t\t\t\t\t\t\t<\/div>\n\t\t\t\t<div class=\"elementor-element elementor-element-a597004 elementor-widget elementor-widget-text-editor\" data-id=\"a597004\" data-element_type=\"widget\" data-e-type=\"widget\" data-widget_type=\"text-editor.default\">\n\t\t\t\t\t\t\t\t\t<h3>\u00a0<span class=\"BZ_Pyq_fadeIn\">Achat <\/span><span class=\"BZ_Pyq_fadeIn\">ou <\/span><span class=\"BZ_Pyq_fadeIn\">revente. U<\/span><span class=\"BZ_Pyq_fadeIn\">n <\/span><span class=\"BZ_Pyq_fadeIn\">seul <\/span><span class=\"BZ_Pyq_fadeIn\">interlocuteur, <\/span><span class=\"BZ_Pyq_fadeIn\">un <\/span><span class=\"BZ_Pyq_fadeIn\">seul <\/span><span class=\"BZ_Pyq_fadeIn\">objectif : <\/span><span class=\"BZ_Pyq_fadeIn\">maximiser <\/span><span class=\"BZ_Pyq_fadeIn\">votre <\/span><span class=\"BZ_Pyq_fadeIn\">r\u00e9sultat<\/span>\u00a0<\/h3>\t\t\t\t\t\t\t\t<\/div>\n\t\t\t\t\t<\/div>\n\t\t\t\t<\/div>\n\t\t<div class=\"elementor-element elementor-element-74b1c8f e-flex e-con-boxed e-con e-parent\" data-id=\"74b1c8f\" data-element_type=\"container\" data-e-type=\"container\" data-settings=\"{&quot;background_background&quot;:&quot;slideshow&quot;,&quot;background_slideshow_gallery&quot;:[{&quot;id&quot;:379,&quot;url&quot;:&quot;http:\\\/\\\/www.smr-cars.fr\\\/wp-content\\\/uploads\\\/2026\\\/03\\\/Site-Web-de-Photographie-Generale-et-Editoriale-Organise-Beige-et-Marron.webp&quot;}],&quot;background_slideshow_loop&quot;:&quot;yes&quot;,&quot;background_slideshow_slide_duration&quot;:5000,&quot;background_slideshow_slide_transition&quot;:&quot;fade&quot;,&quot;background_slideshow_transition_duration&quot;:500}\">\n\t\t\t\t\t<div class=\"e-con-inner\">\n\t\t\t\t\t<\/div>\n\t\t\t\t<\/div>\n\t\t<div class=\"elementor-element elementor-element-7ecfbb8 e-flex e-con-boxed e-con e-parent\" data-id=\"7ecfbb8\" data-element_type=\"container\" data-e-type=\"container\">\n\t\t\t\t\t<div class=\"e-con-inner\">\n\t\t\t\t<div class=\"elementor-element elementor-element-22a04a0 elementor-widget elementor-widget-heading\" data-id=\"22a04a0\" data-element_type=\"widget\" data-e-type=\"widget\" data-widget_type=\"heading.default\">\n\t\t\t\t\t<h2 class=\"elementor-heading-title elementor-size-default\">Mandataire automobile et sp\u00e9cialiste de v\u00e9hicules d'occasion s\u00e9lectionn\u00e9s<\/h2>\t\t\t\t<\/div>\n\t\t\t\t\t<\/div>\n\t\t\t\t<\/div>\n\t\t<div class=\"elementor-element elementor-element-1ef2026 e-flex e-con-boxed e-con e-parent\" data-id=\"1ef2026\" data-element_type=\"container\" data-e-type=\"container\" data-settings=\"{&quot;background_background&quot;:&quot;classic&quot;}\">\n\t\t\t\t\t<div class=\"e-con-inner\">\n\t\t\t\t<div class=\"elementor-element elementor-element-025bf88 elementor-widget elementor-widget-text-editor\" data-id=\"025bf88\" data-element_type=\"widget\" data-e-type=\"widget\" data-widget_type=\"text-editor.default\">\n\t\t\t\t\t\t\t\t\t<p><span class=\"color_39\">SMR Cars accompagne ses clients dans la recherche personnalis\u00e9e de leur v\u00e9hicule tout en proposant \u00e9galement une s\u00e9lection de mod\u00e8les rigoureusement choisis et imm\u00e9diatement disponibles.<\/span><\/p>\n<p class=\"font_8\"><span class=\"color_39\">&nbsp;<\/span><\/p>\n<p class=\"font_8\"><u><span class=\"color_39\">Deux possibilit\u00e9s s\u2019offrent donc \u00e0 vous :<\/span><\/u><\/p>\n<ul>\n<li class=\"font_8\">\n<p><span style=\"font-style: inherit;\">Choisir un v\u00e9hicule disponible imm\u00e9diatement dans notre s\u00e9lection<\/span><\/p>\n<\/li>\n<li>\n<p><span style=\"font-style: inherit;\">Nous confier la recherche personnalis\u00e9e du v\u00e9hicule exact que vous souhaitez<\/span><\/p>\n<\/li>\n<\/ul>\n<p class=\"font_8\"><span class=\"color_39\">Cette double expertise nous permet de vous proposer les meilleures opportunit\u00e9s du march\u00e9, qu\u2019il s\u2019agisse d\u2019un v\u00e9hicule disponible imm\u00e9diatement ou d\u2019une recherche sur mesure en France et en Europe.<\/span><\/p>\n<p class=\"font_8\"><span class=\"color_39\">&nbsp;<\/span><\/p>\n<p class=\"font_8\">\n<\/p><p class=\"font_8\"><span style=\"text-decoration: underline;\">Vous souhaitez vendre votre v\u00e9hicule ?<\/span><\/p><p class=\"font_8\"><span style=\"text-decoration: underline;\"><br><\/span><\/p>\n<p class=\"font_8\">\n<\/p><p class=\"font_8\">Nous prenons en charge l&#8217;ensemble du processus :<\/p>\n<ul>\n<li>estimation<\/li>\n<li>mise en valeur<\/li>\n<li>diffusion<\/li>\n<li>n\u00e9gociation<\/li>\n<\/ul>\n<p>Gr\u00e2ce a notre exigence de s\u00e9lection et notre r\u00e9seau, nous optimisons chaque vente pour en maximiser la valeur, tout en vous lib\u00e9rant des contraintes.<\/p>\t\t\t\t\t\t\t\t<\/div>\n\t\t\t\t\t<\/div>\n\t\t\t\t<\/div>\n\t\t<div class=\"elementor-element elementor-element-85ffd69 e-flex e-con-boxed e-con e-parent\" data-id=\"85ffd69\" data-element_type=\"container\" data-e-type=\"container\">\n\t\t\t\t\t<div class=\"e-con-inner\">\n\t\t<div class=\"elementor-element elementor-element-2ffdba5 e-con-full e-flex e-con e-child\" data-id=\"2ffdba5\" data-element_type=\"container\" data-e-type=\"container\">\n\t\t\t\t<div class=\"elementor-element elementor-element-6abd36e elementor-align-center elementor-widget__width-inherit elementor-widget elementor-widget-button\" data-id=\"6abd36e\" data-element_type=\"widget\" data-e-type=\"widget\" data-widget_type=\"button.default\">\n\t\t\t\t\t\t\t\t\t\t<a class=\"elementor-button elementor-button-link elementor-size-sm\" href=\"https:\/\/www.smr-cars.fr\/index.php\/nos-vehicules-disponibles\/\">\n\t\t\t\t\t\t<span class=\"elementor-button-content-wrapper\">\n\t\t\t\t\t\t\t\t\t<span class=\"elementor-button-text\">Les v\u00e9hicules disponibles<\/span>\n\t\t\t\t\t<\/span>\n\t\t\t\t\t<\/a>\n\t\t\t\t\t\t\t\t<\/div>\n\t\t\t\t<\/div>\n\t\t<div class=\"elementor-element elementor-element-0195db7 e-con-full e-flex e-con e-child\" data-id=\"0195db7\" data-element_type=\"container\" data-e-type=\"container\">\n\t\t\t\t<div class=\"elementor-element elementor-element-d9107ee elementor-align-center elementor-widget__width-inherit elementor-widget elementor-widget-button\" data-id=\"d9107ee\" data-element_type=\"widget\" data-e-type=\"widget\" data-widget_type=\"button.default\">\n\t\t\t\t\t\t\t\t\t\t<a class=\"elementor-button elementor-button-link elementor-size-sm\" href=\"https:\/\/www.smr-cars.fr\/index.php\/service-mandataire\/\">\n\t\t\t\t\t\t<span class=\"elementor-button-content-wrapper\">\n\t\t\t\t\t\t\t\t\t<span class=\"elementor-button-text\">Nous confier votre recherche<\/span>\n\t\t\t\t\t<\/span>\n\t\t\t\t\t<\/a>\n\t\t\t\t\t\t\t\t<\/div>\n\t\t\t\t<\/div>\n\t\t\t\t\t<\/div>\n\t\t\t\t<\/div>\n\t\t<div class=\"elementor-element elementor-element-b8b20d9 e-flex e-con-boxed e-con e-parent\" data-id=\"b8b20d9\" data-element_type=\"container\" data-e-type=\"container\">\n\t\t\t\t\t<div class=\"e-con-inner\">\n\t\t\t\t<div class=\"elementor-element elementor-element-676b61a elementor-align-center elementor-widget__width-inherit elementor-widget elementor-widget-button\" data-id=\"676b61a\" data-element_type=\"widget\" data-e-type=\"widget\" data-widget_type=\"button.default\">\n\t\t\t\t\t\t\t\t\t\t<a class=\"elementor-button elementor-button-link elementor-size-sm\" href=\"https:\/\/www.smr-cars.fr\/index.php\/depot-vente\/\">\n\t\t\t\t\t\t<span class=\"elementor-button-content-wrapper\">\n\t\t\t\t\t\t\t\t\t<span class=\"elementor-button-text\">Nous confier votre bien<\/span>\n\t\t\t\t\t<\/span>\n\t\t\t\t\t<\/a>\n\t\t\t\t\t\t\t\t<\/div>\n\t\t\t\t<div class=\"elementor-element elementor-element-d20c7d9 elementor-widget-divider--view-line elementor-widget elementor-widget-divider\" data-id=\"d20c7d9\" data-element_type=\"widget\" data-e-type=\"widget\" data-widget_type=\"divider.default\">\n\t\t\t\t\t\t\t<div class=\"elementor-divider\">\n\t\t\t<span class=\"elementor-divider-separator\">\n\t\t\t\t\t\t<\/span>\n\t\t<\/div>\n\t\t\t\t\t\t<\/div>\n\t\t\t\t\t<\/div>\n\t\t\t\t<\/div>\n\t\t<div class=\"elementor-element elementor-element-dd97054 e-flex e-con-boxed e-con e-parent\" data-id=\"dd97054\" data-element_type=\"container\" data-e-type=\"container\" data-settings=\"{&quot;background_background&quot;:&quot;slideshow&quot;,&quot;background_slideshow_gallery&quot;:[{&quot;id&quot;:471,&quot;url&quot;:&quot;http:\\\/\\\/www.smr-cars.fr\\\/wp-content\\\/uploads\\\/2026\\\/03\\\/SMR-Site-Web-21.png&quot;}],&quot;background_slideshow_loop&quot;:&quot;yes&quot;,&quot;background_slideshow_slide_duration&quot;:5000,&quot;background_slideshow_slide_transition&quot;:&quot;fade&quot;,&quot;background_slideshow_transition_duration&quot;:500}\">\n\t\t\t\t\t<div class=\"e-con-inner\">\n\t\t\t\t<div class=\"elementor-element elementor-element-ef7d617 elementor-widget elementor-widget-text-editor\" data-id=\"ef7d617\" data-element_type=\"widget\" data-e-type=\"widget\" data-widget_type=\"text-editor.default\">\n\t\t\t\t\t\t\t\t\t<p>\u00c0 propos<\/p>\t\t\t\t\t\t\t\t<\/div>\n\t\t\t\t\t<\/div>\n\t\t\t\t<\/div>\n\t\t\t\t<\/div>\n\t\t","protected":false},"excerpt":{"rendered":"<p>Trouvez la bonne voiture. Sans risque ni perte de temps \u00a0 \u00a0Achat ou revente. Un seul interlocuteur, un seul objectif : maximiser votre r\u00e9sultat\u00a0 Mandataire automobile et sp\u00e9cialiste de v\u00e9hicules d&#8217;occasion s\u00e9lectionn\u00e9s SMR Cars accompagne ses clients dans la recherche personnalis\u00e9e de leur v\u00e9hicule tout en proposant \u00e9galement une s\u00e9lection de mod\u00e8les rigoureusement choisis et [&hellip;]<\/p>\n","protected":false},"author":1,"featured_media":0,"parent":0,"menu_order":0,"comment_status":"closed","ping_status":"closed","template":"","meta":{"_uag_custom_page_level_css":"","site-sidebar-layout":"no-sidebar","site-content-layout":"","ast-site-content-layout":"full-width-container","site-content-style":"default","site-sidebar-style":"default","ast-global-header-display":"","ast-banner-title-visibility":"","ast-main-header-display":"","ast-hfb-above-header-display":"","ast-hfb-below-header-display":"","ast-hfb-mobile-header-display":"","site-post-title":"disabled","ast-breadcrumbs-content":"","ast-featured-img":"disabled","footer-sml-layout":"","ast-disable-related-posts":"","theme-transparent-header-meta":"","adv-header-id-meta":"","stick-header-meta":"","header-above-stick-meta":"","header-main-stick-meta":"","header-below-stick-meta":"","astra-migrate-meta-layouts":"default","ast-page-background-enabled":"default","ast-page-background-meta":{"desktop":{"background-color":"var(--ast-global-color-5)","background-image":"","background-repeat":"repeat","background-position":"center center","background-size":"auto","background-attachment":"scroll","background-type":"","background-media":"","overlay-type":"","overlay-color":"","overlay-opacity":"","overlay-gradient":""},"tablet":{"background-color":"","background-image":"","background-repeat":"repeat","background-position":"center center","background-size":"auto","background-attachment":"scroll","background-type":"","background-media":"","overlay-type":"","overlay-color":"","overlay-opacity":"","overlay-gradient":""},"mobile":{"background-color":"","background-image":"","background-repeat":"repeat","background-position":"center center","background-size":"auto","background-attachment":"scroll","background-type":"","background-media":"","overlay-type":"","overlay-color":"","overlay-opacity":"","overlay-gradient":""}},"ast-content-background-meta":{"desktop":{"background-color":"var(--ast-global-color-4)","background-image":"","background-repeat":"repeat","background-position":"center center","background-size":"auto","background-attachment":"scroll","background-type":"","background-media":"","overlay-type":"","overlay-color":"","overlay-opacity":"","overlay-gradient":""},"tablet":{"background-color":"var(--ast-global-color-4)","background-image":"","background-repeat":"repeat","background-position":"center center","background-size":"auto","background-attachment":"scroll","background-type":"","background-media":"","overlay-type":"","overlay-color":"","overlay-opacity":"","overlay-gradient":""},"mobile":{"background-color":"var(--ast-global-color-4)","background-image":"","background-repeat":"repeat","background-position":"center center","background-size":"auto","background-attachment":"scroll","background-type":"","background-media":"","overlay-type":"","overlay-color":"","overlay-opacity":"","overlay-gradient":""}},"footnotes":""},"class_list":["post-140","page","type-page","status-publish","hentry"],"uagb_featured_image_src":{"full":false,"thumbnail":false,"medium":false,"medium_large":false,"large":false,"1536x1536":false,"2048x2048":false},"uagb_author_info":{"display_name":"admin8147","author_link":"https:\/\/www.smr-cars.fr\/index.php\/author\/admin8147\/"},"uagb_comment_info":0,"uagb_excerpt":"Trouvez la bonne voiture. Sans risque ni perte de temps \u00a0 \u00a0Achat ou revente. Un seul interlocuteur, un seul objectif : maximiser votre r\u00e9sultat\u00a0 Mandataire automobile et sp\u00e9cialiste de v\u00e9hicules d&#8217;occasion s\u00e9lectionn\u00e9s SMR Cars accompagne ses clients dans la recherche personnalis\u00e9e de leur v\u00e9hicule tout en proposant \u00e9galement une s\u00e9lection de mod\u00e8les rigoureusement choisis et&hellip;","_links":{"self":[{"href":"https:\/\/www.smr-cars.fr\/index.php\/wp-json\/wp\/v2\/pages\/140","targetHints":{"allow":["GET"]}}],"collection":[{"href":"https:\/\/www.smr-cars.fr\/index.php\/wp-json\/wp\/v2\/pages"}],"about":[{"href":"https:\/\/www.smr-cars.fr\/index.php\/wp-json\/wp\/v2\/types\/page"}],"author":[{"embeddable":true,"href":"https:\/\/www.smr-cars.fr\/index.php\/wp-json\/wp\/v2\/users\/1"}],"replies":[{"embeddable":true,"href":"https:\/\/www.smr-cars.fr\/index.php\/wp-json\/wp\/v2\/comments?post=140"}],"version-history":[{"count":93,"href":"https:\/\/www.smr-cars.fr\/index.php\/wp-json\/wp\/v2\/pages\/140\/revisions"}],"predecessor-version":[{"id":494,"href":"https:\/\/www.smr-cars.fr\/index.php\/wp-json\/wp\/v2\/pages\/140\/revisions\/494"}],"wp:attachment":[{"href":"https:\/\/www.smr-cars.fr\/index.php\/wp-json\/wp\/v2\/media?parent=140"}],"curies":[{"name":"wp","href":"https:\/\/api.w.org\/{rel}","templated":true}]}}