{"id":125,"date":"2026-03-16T15:53:00","date_gmt":"2026-03-16T15:53:00","guid":{"rendered":"http:\/\/www.smr-cars.fr\/?page_id=125"},"modified":"2026-03-24T09:44:18","modified_gmt":"2026-03-24T09:44:18","slug":"nos-formules","status":"publish","type":"page","link":"https:\/\/www.smr-cars.fr\/index.php\/nos-formules\/","title":{"rendered":"Nos formules"},"content":{"rendered":"\t\t<div data-elementor-type=\"wp-page\" data-elementor-id=\"125\" class=\"elementor elementor-125\">\n\t\t\t\t<div class=\"elementor-element elementor-element-57eda6e e-flex e-con-boxed e-con e-parent\" data-id=\"57eda6e\" data-element_type=\"container\" data-e-type=\"container\" data-settings=\"{&quot;background_background&quot;:&quot;slideshow&quot;,&quot;background_slideshow_gallery&quot;:[{&quot;id&quot;:479,&quot;url&quot;:&quot;http:\\\/\\\/www.smr-cars.fr\\\/wp-content\\\/uploads\\\/2026\\\/03\\\/SMR-Site-Web-22.png&quot;}],&quot;background_slideshow_loop&quot;:&quot;yes&quot;,&quot;background_slideshow_slide_duration&quot;:5000,&quot;background_slideshow_slide_transition&quot;:&quot;fade&quot;,&quot;background_slideshow_transition_duration&quot;:500}\">\n\t\t\t\t\t<div class=\"e-con-inner\">\n\t\t\t\t\t<\/div>\n\t\t\t\t<\/div>\n\t\t<div class=\"elementor-element elementor-element-a5f5d57 e-flex e-con-boxed e-con e-parent\" data-id=\"a5f5d57\" data-element_type=\"container\" data-e-type=\"container\">\n\t\t\t\t\t<div class=\"e-con-inner\">\n\t\t\t\t<div class=\"elementor-element elementor-element-1b23074 elementor-widget elementor-widget-heading\" data-id=\"1b23074\" data-element_type=\"widget\" data-e-type=\"widget\" data-widget_type=\"heading.default\">\n\t\t\t\t\t<h2 class=\"elementor-heading-title elementor-size-default\">Nos formules<\/h2>\t\t\t\t<\/div>\n\t\t\t\t\t<\/div>\n\t\t\t\t<\/div>\n\t\t<div class=\"elementor-element elementor-element-1030d59 e-flex e-con-boxed e-con e-parent\" data-id=\"1030d59\" data-element_type=\"container\" data-e-type=\"container\">\n\t\t\t\t\t<div class=\"e-con-inner\">\n\t\t\t\t<div class=\"elementor-element elementor-element-9e27b8c elementor-widget elementor-widget-spacer\" data-id=\"9e27b8c\" data-element_type=\"widget\" data-e-type=\"widget\" data-widget_type=\"spacer.default\">\n\t\t\t\t\t\t\t<div class=\"elementor-spacer\">\n\t\t\t<div class=\"elementor-spacer-inner\"><\/div>\n\t\t<\/div>\n\t\t\t\t\t\t<\/div>\n\t\t\t\t\t<\/div>\n\t\t\t\t<\/div>\n\t\t<div class=\"elementor-element elementor-element-a014d7b e-flex e-con-boxed e-con e-parent\" data-id=\"a014d7b\" data-element_type=\"container\" data-e-type=\"container\">\n\t\t\t\t\t<div class=\"e-con-inner\">\n\t\t<div class=\"elementor-element elementor-element-1582588 e-con-full e-flex e-con e-child\" data-id=\"1582588\" data-element_type=\"container\" data-e-type=\"container\">\n\t\t\t\t<div class=\"elementor-element elementor-element-a35e3c8 elementor-widget elementor-widget-image\" data-id=\"a35e3c8\" data-element_type=\"widget\" data-e-type=\"widget\" data-widget_type=\"image.default\">\n\t\t\t\t\t\t\t\t\t\t\t\t\t\t\t<img fetchpriority=\"high\" decoding=\"async\" width=\"1024\" height=\"576\" src=\"https:\/\/www.smr-cars.fr\/wp-content\/uploads\/2026\/03\/Site-Web-de-Photographie-Generale-et-Editoriale-Organise-Beige-et-Marron-3-1024x576.jpeg\" class=\"attachment-large size-large wp-image-516\" alt=\"site web de photographie g\u00e9n\u00e9rale et \u00c9ditoriale organis\u00e9 beige et marron 1\" srcset=\"https:\/\/www.smr-cars.fr\/wp-content\/uploads\/2026\/03\/Site-Web-de-Photographie-Generale-et-Editoriale-Organise-Beige-et-Marron-3-1024x576.jpeg 1024w, https:\/\/www.smr-cars.fr\/wp-content\/uploads\/2026\/03\/Site-Web-de-Photographie-Generale-et-Editoriale-Organise-Beige-et-Marron-3-300x169.jpeg 300w, https:\/\/www.smr-cars.fr\/wp-content\/uploads\/2026\/03\/Site-Web-de-Photographie-Generale-et-Editoriale-Organise-Beige-et-Marron-3-768x432.jpeg 768w, https:\/\/www.smr-cars.fr\/wp-content\/uploads\/2026\/03\/Site-Web-de-Photographie-Generale-et-Editoriale-Organise-Beige-et-Marron-3.jpeg 1366w\" sizes=\"(max-width: 1024px) 100vw, 1024px\" title=\"Nos formules\">\t\t\t\t\t\t\t\t\t\t\t\t\t\t\t<\/div>\n\t\t\t\t<div class=\"elementor-element elementor-element-faf227a elementor-widget elementor-widget-heading\" data-id=\"faf227a\" data-element_type=\"widget\" data-e-type=\"widget\" data-widget_type=\"heading.default\">\n\t\t\t\t\t<h2 class=\"elementor-heading-title elementor-size-default\">Formule Access<\/h2>\t\t\t\t<\/div>\n\t\t\t\t<\/div>\n\t\t<div class=\"elementor-element elementor-element-7ccd8fc e-con-full e-flex e-con e-child\" data-id=\"7ccd8fc\" data-element_type=\"container\" data-e-type=\"container\">\n\t\t\t\t<div class=\"elementor-element elementor-element-3fda50b elementor-widget elementor-widget-image\" data-id=\"3fda50b\" data-element_type=\"widget\" data-e-type=\"widget\" data-widget_type=\"image.default\">\n\t\t\t\t\t\t\t\t\t\t\t\t\t\t\t<img decoding=\"async\" width=\"1024\" height=\"576\" src=\"https:\/\/www.smr-cars.fr\/wp-content\/uploads\/2026\/03\/Site-Web-de-Photographie-Generale-et-Editoriale-Organise-Beige-et-Marron-4-1024x576.png\" class=\"attachment-large size-large wp-image-518\" alt=\"site web de photographie g\u00e9n\u00e9rale et \u00c9ditoriale organis\u00e9 beige et marron 4\" srcset=\"https:\/\/www.smr-cars.fr\/wp-content\/uploads\/2026\/03\/Site-Web-de-Photographie-Generale-et-Editoriale-Organise-Beige-et-Marron-4-1024x576.png 1024w, https:\/\/www.smr-cars.fr\/wp-content\/uploads\/2026\/03\/Site-Web-de-Photographie-Generale-et-Editoriale-Organise-Beige-et-Marron-4-300x169.png 300w, https:\/\/www.smr-cars.fr\/wp-content\/uploads\/2026\/03\/Site-Web-de-Photographie-Generale-et-Editoriale-Organise-Beige-et-Marron-4-768x432.png 768w, https:\/\/www.smr-cars.fr\/wp-content\/uploads\/2026\/03\/Site-Web-de-Photographie-Generale-et-Editoriale-Organise-Beige-et-Marron-4.png 1366w\" sizes=\"(max-width: 1024px) 100vw, 1024px\" title=\"Nos formules\">\t\t\t\t\t\t\t\t\t\t\t\t\t\t\t<\/div>\n\t\t\t\t<div class=\"elementor-element elementor-element-ca28062 elementor-widget elementor-widget-heading\" data-id=\"ca28062\" data-element_type=\"widget\" data-e-type=\"widget\" data-widget_type=\"heading.default\">\n\t\t\t\t\t<h2 class=\"elementor-heading-title elementor-size-default\">Formule Select<\/h2>\t\t\t\t<\/div>\n\t\t\t\t<\/div>\n\t\t<div class=\"elementor-element elementor-element-2a7b2e0 e-con-full e-flex e-con e-child\" data-id=\"2a7b2e0\" data-element_type=\"container\" data-e-type=\"container\">\n\t\t\t\t<div class=\"elementor-element elementor-element-2273c60 elementor-widget elementor-widget-image\" data-id=\"2273c60\" data-element_type=\"widget\" data-e-type=\"widget\" data-widget_type=\"image.default\">\n\t\t\t\t\t\t\t\t\t\t\t\t\t\t\t<img decoding=\"async\" width=\"1024\" height=\"576\" src=\"https:\/\/www.smr-cars.fr\/wp-content\/uploads\/2026\/03\/1-2-1024x576.png\" class=\"attachment-large size-large wp-image-520\" alt=\"1\" srcset=\"https:\/\/www.smr-cars.fr\/wp-content\/uploads\/2026\/03\/1-2-1024x576.png 1024w, https:\/\/www.smr-cars.fr\/wp-content\/uploads\/2026\/03\/1-2-300x169.png 300w, https:\/\/www.smr-cars.fr\/wp-content\/uploads\/2026\/03\/1-2-768x432.png 768w, https:\/\/www.smr-cars.fr\/wp-content\/uploads\/2026\/03\/1-2.png 1366w\" sizes=\"(max-width: 1024px) 100vw, 1024px\" title=\"Nos formules\">\t\t\t\t\t\t\t\t\t\t\t\t\t\t\t<\/div>\n\t\t\t\t<div class=\"elementor-element elementor-element-2b7f7a8 elementor-widget elementor-widget-heading\" data-id=\"2b7f7a8\" data-element_type=\"widget\" data-e-type=\"widget\" data-widget_type=\"heading.default\">\n\t\t\t\t\t<h2 class=\"elementor-heading-title elementor-size-default\">Formule Privil\u00e8ge<\/h2>\t\t\t\t<\/div>\n\t\t\t\t<\/div>\n\t\t<div class=\"elementor-element elementor-element-573059a e-con-full e-flex e-con e-child\" data-id=\"573059a\" data-element_type=\"container\" data-e-type=\"container\">\n\t\t\t\t<\/div>\n\t\t<div class=\"elementor-element elementor-element-2d3393f e-con-full e-flex e-con e-child\" data-id=\"2d3393f\" data-element_type=\"container\" data-e-type=\"container\">\n\t\t\t\t<\/div>\n\t\t<div class=\"elementor-element elementor-element-a3f8cf8 e-con-full e-flex e-con e-child\" data-id=\"a3f8cf8\" data-element_type=\"container\" data-e-type=\"container\">\n\t\t\t\t<\/div>\n\t\t\t\t\t<\/div>\n\t\t\t\t<\/div>\n\t\t\t\t<\/div>\n\t\t","protected":false},"excerpt":{"rendered":"<p>Nos formules Formule Access Formule Select Formule Privil\u00e8ge<\/p>\n","protected":false},"author":1,"featured_media":0,"parent":0,"menu_order":0,"comment_status":"closed","ping_status":"closed","template":"","meta":{"_uag_custom_page_level_css":"","site-sidebar-layout":"no-sidebar","site-content-layout":"","ast-site-content-layout":"full-width-container","site-content-style":"default","site-sidebar-style":"default","ast-global-header-display":"","ast-banner-title-visibility":"","ast-main-header-display":"","ast-hfb-above-header-display":"","ast-hfb-below-header-display":"","ast-hfb-mobile-header-display":"","site-post-title":"disabled","ast-breadcrumbs-content":"","ast-featured-img":"disabled","footer-sml-layout":"","ast-disable-related-posts":"","theme-transparent-header-meta":"","adv-header-id-meta":"","stick-header-meta":"","header-above-stick-meta":"","header-main-stick-meta":"","header-below-stick-meta":"","astra-migrate-meta-layouts":"default","ast-page-background-enabled":"default","ast-page-background-meta":{"desktop":{"background-color":"var(--ast-global-color-5)","background-image":"","background-repeat":"repeat","background-position":"center center","background-size":"auto","background-attachment":"scroll","background-type":"","background-media":"","overlay-type":"","overlay-color":"","overlay-opacity":"","overlay-gradient":""},"tablet":{"background-color":"","background-image":"","background-repeat":"repeat","background-position":"center center","background-size":"auto","background-attachment":"scroll","background-type":"","background-media":"","overlay-type":"","overlay-color":"","overlay-opacity":"","overlay-gradient":""},"mobile":{"background-color":"","background-image":"","background-repeat":"repeat","background-position":"center center","background-size":"auto","background-attachment":"scroll","background-type":"","background-media":"","overlay-type":"","overlay-color":"","overlay-opacity":"","overlay-gradient":""}},"ast-content-background-meta":{"desktop":{"background-color":"var(--ast-global-color-4)","background-image":"","background-repeat":"repeat","background-position":"center center","background-size":"auto","background-attachment":"scroll","background-type":"","background-media":"","overlay-type":"","overlay-color":"","overlay-opacity":"","overlay-gradient":""},"tablet":{"background-color":"var(--ast-global-color-4)","background-image":"","background-repeat":"repeat","background-position":"center center","background-size":"auto","background-attachment":"scroll","background-type":"","background-media":"","overlay-type":"","overlay-color":"","overlay-opacity":"","overlay-gradient":""},"mobile":{"background-color":"var(--ast-global-color-4)","background-image":"","background-repeat":"repeat","background-position":"center center","background-size":"auto","background-attachment":"scroll","background-type":"","background-media":"","overlay-type":"","overlay-color":"","overlay-opacity":"","overlay-gradient":""}},"footnotes":""},"class_list":["post-125","page","type-page","status-publish","hentry"],"uagb_featured_image_src":{"full":false,"thumbnail":false,"medium":false,"medium_large":false,"large":false,"1536x1536":false,"2048x2048":false},"uagb_author_info":{"display_name":"admin8147","author_link":"https:\/\/www.smr-cars.fr\/index.php\/author\/admin8147\/"},"uagb_comment_info":0,"uagb_excerpt":"Nos formules Formule Access Formule Select Formule Privil\u00e8ge","_links":{"self":[{"href":"https:\/\/www.smr-cars.fr\/index.php\/wp-json\/wp\/v2\/pages\/125","targetHints":{"allow":["GET"]}}],"collection":[{"href":"https:\/\/www.smr-cars.fr\/index.php\/wp-json\/wp\/v2\/pages"}],"about":[{"href":"https:\/\/www.smr-cars.fr\/index.php\/wp-json\/wp\/v2\/types\/page"}],"author":[{"embeddable":true,"href":"https:\/\/www.smr-cars.fr\/index.php\/wp-json\/wp\/v2\/users\/1"}],"replies":[{"embeddable":true,"href":"https:\/\/www.smr-cars.fr\/index.php\/wp-json\/wp\/v2\/comments?post=125"}],"version-history":[{"count":40,"href":"https:\/\/www.smr-cars.fr\/index.php\/wp-json\/wp\/v2\/pages\/125\/revisions"}],"predecessor-version":[{"id":552,"href":"https:\/\/www.smr-cars.fr\/index.php\/wp-json\/wp\/v2\/pages\/125\/revisions\/552"}],"wp:attachment":[{"href":"https:\/\/www.smr-cars.fr\/index.php\/wp-json\/wp\/v2\/media?parent=125"}],"curies":[{"name":"wp","href":"https:\/\/api.w.org\/{rel}","templated":true}]}}